{"id":716,"date":"2023-05-03T11:34:04","date_gmt":"2023-05-03T08:34:04","guid":{"rendered":"https:\/\/aplicacionesdeapuestas.com\/cl\/?page_id=716"},"modified":"2024-06-21T14:19:10","modified_gmt":"2024-06-21T11:19:10","slug":"sobre-nosotros","status":"publish","type":"page","link":"https:\/\/aplicacionesdeapuestas.com\/cl\/sobre-nosotros\/","title":{"rendered":"Sobre Nosotros &#8211; Chile"},"content":{"rendered":"<div itemscope=\"\" itemtype=\"https:\/\/schema.org\/ImageObject\" class=\"get-image schema-image-object-content wp-block-image size-full\"><img width=\"1024\" height=\"458\" src=\"https:\/\/aplicacionesdeapuestas.com\/cl\/wp-content\/uploads\/sites\/6\/2023\/06\/APp4-Sobre-Nosotros-cl.jpg\" alt=\"\" class=\"wp-image-904\" loading=\"lazy\" decoding=\"async\" srcset=\"https:\/\/aplicacionesdeapuestas.com\/cl\/wp-content\/uploads\/sites\/6\/2023\/06\/APp4-Sobre-Nosotros-cl.jpg 1024w, https:\/\/aplicacionesdeapuestas.com\/cl\/wp-content\/uploads\/sites\/6\/2023\/06\/APp4-Sobre-Nosotros-cl-180x81.jpg 180w, https:\/\/aplicacionesdeapuestas.com\/cl\/wp-content\/uploads\/sites\/6\/2023\/06\/APp4-Sobre-Nosotros-cl-100x45.jpg 100w, https:\/\/aplicacionesdeapuestas.com\/cl\/wp-content\/uploads\/sites\/6\/2023\/06\/APp4-Sobre-Nosotros-cl-768x344.jpg 768w, https:\/\/aplicacionesdeapuestas.com\/cl\/wp-content\/uploads\/sites\/6\/2023\/06\/APp4-Sobre-Nosotros-cl-600x268.jpg 600w\" sizes=\"(max-width: 1024px) 100vw, 1024px\" \/><meta itemprop=\"contentUrl\" content=\"https:\/\/aplicacionesdeapuestas.com\/cl\/wp-content\/uploads\/sites\/6\/2023\/06\/APp4-Sobre-Nosotros-cl.jpg\"><\/div>    <section class=\"wp-block-hc-alternate-group-section\"> <h2 class=\"wp-block-heading\">Introducci\u00f3n<\/h2>    <p><b>Aplicaciones de apuestas<\/b> es un portal <em>web<\/em> creado exclusivamente para apostadores a los que les gusta estar informado de las <b>mejores plataformas y sus aplicaciones para apostar<\/b>. Nosotros compartimos la experiencia que necesitas en las apuestas. De esta manera, puedes usar a tu favor toda la informaci\u00f3n necesaria para obtener mayores beneficios en tus pr\u00f3ximas jugadas.<\/p> <\/section>    <section class=\"wp-block-hc-alternate-group-section\"> <h2 class=\"wp-block-heading\">\u00bfQui\u00e9nes somos?<\/h2>    <p>Somos el <b>primer portal dedicado exclusivamente a las apuestas en Chile<\/b>. Contamos con una oficina f\u00edsica ubicada en Bogot\u00e1, Colombia, y ofrecemos rese\u00f1as e informaci\u00f3n confiable sobre las casas de apuestas en nuestro continente.<\/p> <\/section>    <section class=\"wp-block-hc-alternate-group-section\"> <h2 class=\"wp-block-heading\">\u00bfQu\u00e9 hacemos?<\/h2>    <p>En <b><a href=\"https:\/\/aplicacionesdeapuestas.com\/cl\/\" target=\"_blank\" rel=\"noreferrer noopener\">Aplicaciones de apuestas<\/a><\/b> te mantenemos actualizado con las novedades en las apuestas. Desde estrategias para apostar e informaci\u00f3n relevante para los deportes, hasta <b>rese\u00f1as de casas de apuestas en Chile<\/b>. Adem\u00e1s, formalizamos una comunidad a la que le apasiona todo lo relacionado con las <b>predicciones o pron\u00f3sticos deportivos<\/b>.<\/p>    <p>Todo lo que leas en nuestro portal, est\u00e1 repleto de sinceridad. Gracias a ello, todos nuestros lectores pueden guiarse en <b>casas de apuestas confiables<\/b>, debido a que estamos completamente comprometidos en combatir los <em>scams<\/em> o fraudes que rodean este fascinante mundo. Conoce <a href=\"https:\/\/aplicacionesdeapuestas.com\/cl\/como-calificamos\/\" target=\"_blank\" rel=\"noreferrer noopener\">aqu\u00ed<\/a> los&nbsp;<strong>criterios bajo los cuales revisamos una app a la hora de calificarla<\/strong><\/p> <\/section>    <section class=\"wp-block-hc-alternate-group-section\"> <h2 class=\"wp-block-heading\">Nuestros objetivos<\/h2>    <p>Nuestra meta es convertirnos en la principal <b>plataforma digital de apuestas chilena<\/b>. Somos los primeros en el continente que responden a las personas que buscan informaci\u00f3n para apostar en todo tipo de deportes.<\/p>    <p>De la misma manera, buscamos mantener una comunidad activa y adaptable al panorama de las <b>apuestas en Chile<\/b>. Queremos que t\u00fa, como jugador habitual, saques el mayor provecho posible en cualquiera de estos medios para apostar en l\u00ednea.<\/p>    <p>Por otro lado, tambi\u00e9n queremos <b>ayudar a solventar problemas<\/b> que pudieran surgir en diferentes plataformas para apostar en Chile.<\/p> <\/section>    <section class=\"wp-block-hc-alternate-group-section\"> <h2 class=\"wp-block-heading\">Cont\u00e1ctanos<\/h2>    <p>Si quieres que resolvamos alguna duda o te demos un trato especializado para ayudarte con alg\u00fan problema, te invitamos a llenar nuestro formulario de contacto. Adem\u00e1s, puedes visitarnos en nuestras instalaciones o contactarnos por correo electr\u00f3nico:<\/p>    <p>Direcci\u00f3n: Cra. 7 #146-65, Bogot\u00e1, Colombia<\/p>    <p>Email: <a href=\"mailto:info@aplicacionesdeapuestas.com\">info@aplicacionesdeapuestas.com<\/a><\/p> <\/section>","protected":false},"excerpt":{"rendered":"","protected":false},"author":1,"featured_media":904,"parent":0,"menu_order":0,"comment_status":"open","ping_status":"open","template":"","meta":{"_acf_changed":false,"footnotes":""},"page_categories":[],"acf":[],"yoast_head":"<!-- This site is optimized with the Yoast SEO plugin v24.5 - https:\/\/yoast.com\/wordpress\/plugins\/seo\/ -->\n<title>Sobre nosotros \u2013 Aplicacionesdeapuestas en Chile<\/title>\n<meta name=\"description\" content=\"Conoce Aplicacionesdeapuestas: Una nueva web dedicada a las apuestas en Chile. Aprende a elegir la mejor plataforma de apuestas\" \/>\n<meta name=\"robots\" content=\"index, follow, max-snippet:-1, max-image-preview:large, max-video-preview:-1\" \/>\n<link rel=\"canonical\" href=\"https:\/\/aplicacionesdeapuestas.com\/cl\/sobre-nosotros\/\" \/>\n<meta property=\"og:locale\" content=\"es_ES\" \/>\n<meta property=\"og:type\" content=\"article\" \/>\n<meta property=\"og:title\" content=\"Sobre nosotros \u2013 Aplicacionesdeapuestas en Chile\" \/>\n<meta property=\"og:description\" content=\"Conoce Aplicacionesdeapuestas: Una nueva web dedicada a las apuestas en Chile. Aprende a elegir la mejor plataforma de apuestas\" \/>\n<meta property=\"og:url\" content=\"https:\/\/aplicacionesdeapuestas.com\/cl\/sobre-nosotros\/\" \/>\n<meta property=\"og:site_name\" content=\"aplicacionesdeapuestas.com\/cl\/\" \/>\n<meta property=\"article:modified_time\" content=\"2024-06-21T11:19:10+00:00\" \/>\n<meta property=\"og:image\" content=\"https:\/\/aplicacionesdeapuestas.com\/cl\/wp-content\/uploads\/sites\/6\/2023\/06\/APp4-Sobre-Nosotros-cl.jpg\" \/>\n\t<meta property=\"og:image:width\" content=\"1024\" \/>\n\t<meta property=\"og:image:height\" content=\"458\" \/>\n\t<meta property=\"og:image:type\" content=\"image\/jpeg\" \/>\n<meta name=\"twitter:card\" content=\"summary_large_image\" \/>\n<meta name=\"twitter:label1\" content=\"Tiempo estimado de lectura\" \/>\n\t<meta name=\"twitter:data1\" content=\"2 minutos\" \/>\n<script type=\"application\/ld+json\" class=\"yoast-schema-graph\">{\"@context\":\"https:\/\/schema.org\",\"@graph\":[{\"@type\":\"WebPage\",\"@id\":\"https:\/\/aplicacionesdeapuestas.com\/cl\/sobre-nosotros\/\",\"url\":\"https:\/\/aplicacionesdeapuestas.com\/cl\/sobre-nosotros\/\",\"name\":\"Sobre nosotros \u2013 Aplicacionesdeapuestas en Chile\",\"isPartOf\":{\"@id\":\"https:\/\/aplicacionesdeapuestas.com\/cl\/#website\"},\"primaryImageOfPage\":{\"@id\":\"https:\/\/aplicacionesdeapuestas.com\/cl\/sobre-nosotros\/#primaryimage\"},\"image\":{\"@id\":\"https:\/\/aplicacionesdeapuestas.com\/cl\/sobre-nosotros\/#primaryimage\"},\"thumbnailUrl\":\"https:\/\/aplicacionesdeapuestas.com\/cl\/wp-content\/uploads\/sites\/6\/2023\/06\/APp4-Sobre-Nosotros-cl.jpg\",\"datePublished\":\"2023-05-03T08:34:04+00:00\",\"dateModified\":\"2024-06-21T11:19:10+00:00\",\"description\":\"Conoce Aplicacionesdeapuestas: Una nueva web dedicada a las apuestas en Chile. Aprende a elegir la mejor plataforma de apuestas\",\"breadcrumb\":{\"@id\":\"https:\/\/aplicacionesdeapuestas.com\/cl\/sobre-nosotros\/#breadcrumb\"},\"inLanguage\":\"es-CL\",\"potentialAction\":[{\"@type\":\"ReadAction\",\"target\":[\"https:\/\/aplicacionesdeapuestas.com\/cl\/sobre-nosotros\/\"]}]},{\"@type\":\"ImageObject\",\"inLanguage\":\"es-CL\",\"@id\":\"https:\/\/aplicacionesdeapuestas.com\/cl\/sobre-nosotros\/#primaryimage\",\"url\":\"https:\/\/aplicacionesdeapuestas.com\/cl\/wp-content\/uploads\/sites\/6\/2023\/06\/APp4-Sobre-Nosotros-cl.jpg\",\"contentUrl\":\"https:\/\/aplicacionesdeapuestas.com\/cl\/wp-content\/uploads\/sites\/6\/2023\/06\/APp4-Sobre-Nosotros-cl.jpg\",\"width\":1024,\"height\":458},{\"@type\":\"BreadcrumbList\",\"@id\":\"https:\/\/aplicacionesdeapuestas.com\/cl\/sobre-nosotros\/#breadcrumb\",\"itemListElement\":[{\"@type\":\"ListItem\",\"position\":1,\"name\":\"Mejores Apps de Apuestas\",\"item\":\"https:\/\/aplicacionesdeapuestas.com\/cl\/\"},{\"@type\":\"ListItem\",\"position\":2,\"name\":\"Sobre Nosotros &#8212; Chile\"}]},{\"@type\":\"WebSite\",\"@id\":\"https:\/\/aplicacionesdeapuestas.com\/cl\/#website\",\"url\":\"https:\/\/aplicacionesdeapuestas.com\/cl\/\",\"name\":\"aplicacionesdeapuestas.com\/cl\/\",\"description\":\"\",\"publisher\":{\"@id\":\"https:\/\/aplicacionesdeapuestas.com\/cl\/#organization\"},\"potentialAction\":[{\"@type\":\"SearchAction\",\"target\":{\"@type\":\"EntryPoint\",\"urlTemplate\":\"https:\/\/aplicacionesdeapuestas.com\/cl\/?s={search_term_string}\"},\"query-input\":{\"@type\":\"PropertyValueSpecification\",\"valueRequired\":true,\"valueName\":\"search_term_string\"}}],\"inLanguage\":\"es-CL\"},{\"@type\":\"Organization\",\"@id\":\"https:\/\/aplicacionesdeapuestas.com\/cl\/#organization\",\"name\":\"aplicacionesdeapuestas.com\/cl\/\",\"url\":\"https:\/\/aplicacionesdeapuestas.com\/cl\/\",\"logo\":{\"@type\":\"ImageObject\",\"inLanguage\":\"es-CL\",\"@id\":\"https:\/\/aplicacionesdeapuestas.com\/cl\/#\/schema\/logo\/image\/\",\"url\":\"https:\/\/aplicacionesdeapuestas.com\/cl\/wp-content\/uploads\/sites\/6\/2023\/03\/countryChili.png\",\"contentUrl\":\"https:\/\/aplicacionesdeapuestas.com\/cl\/wp-content\/uploads\/sites\/6\/2023\/03\/countryChili.png\",\"width\":184,\"height\":72,\"caption\":\"aplicacionesdeapuestas.com\/cl\/\"},\"image\":{\"@id\":\"https:\/\/aplicacionesdeapuestas.com\/cl\/#\/schema\/logo\/image\/\"}}]}<\/script>\n<!-- \/ Yoast SEO plugin. -->","yoast_head_json":{"title":"Sobre nosotros \u2013 Aplicacionesdeapuestas en Chile","description":"Conoce Aplicacionesdeapuestas: Una nueva web dedicada a las apuestas en Chile. Aprende a elegir la mejor plataforma de apuestas","robots":{"index":"index","follow":"follow","max-snippet":"max-snippet:-1","max-image-preview":"max-image-preview:large","max-video-preview":"max-video-preview:-1"},"canonical":"https:\/\/aplicacionesdeapuestas.com\/cl\/sobre-nosotros\/","og_locale":"es_ES","og_type":"article","og_title":"Sobre nosotros \u2013 Aplicacionesdeapuestas en Chile","og_description":"Conoce Aplicacionesdeapuestas: Una nueva web dedicada a las apuestas en Chile. Aprende a elegir la mejor plataforma de apuestas","og_url":"https:\/\/aplicacionesdeapuestas.com\/cl\/sobre-nosotros\/","og_site_name":"aplicacionesdeapuestas.com\/cl\/","article_modified_time":"2024-06-21T11:19:10+00:00","og_image":[{"width":1024,"height":458,"url":"https:\/\/aplicacionesdeapuestas.com\/cl\/wp-content\/uploads\/sites\/6\/2023\/06\/APp4-Sobre-Nosotros-cl.jpg","type":"image\/jpeg"}],"twitter_card":"summary_large_image","twitter_misc":{"Tiempo estimado de lectura":"2 minutos"},"schema":{"@context":"https:\/\/schema.org","@graph":[{"@type":"WebPage","@id":"https:\/\/aplicacionesdeapuestas.com\/cl\/sobre-nosotros\/","url":"https:\/\/aplicacionesdeapuestas.com\/cl\/sobre-nosotros\/","name":"Sobre nosotros \u2013 Aplicacionesdeapuestas en Chile","isPartOf":{"@id":"https:\/\/aplicacionesdeapuestas.com\/cl\/#website"},"primaryImageOfPage":{"@id":"https:\/\/aplicacionesdeapuestas.com\/cl\/sobre-nosotros\/#primaryimage"},"image":{"@id":"https:\/\/aplicacionesdeapuestas.com\/cl\/sobre-nosotros\/#primaryimage"},"thumbnailUrl":"https:\/\/aplicacionesdeapuestas.com\/cl\/wp-content\/uploads\/sites\/6\/2023\/06\/APp4-Sobre-Nosotros-cl.jpg","datePublished":"2023-05-03T08:34:04+00:00","dateModified":"2024-06-21T11:19:10+00:00","description":"Conoce Aplicacionesdeapuestas: Una nueva web dedicada a las apuestas en Chile. Aprende a elegir la mejor plataforma de apuestas","breadcrumb":{"@id":"https:\/\/aplicacionesdeapuestas.com\/cl\/sobre-nosotros\/#breadcrumb"},"inLanguage":"es-CL","potentialAction":[{"@type":"ReadAction","target":["https:\/\/aplicacionesdeapuestas.com\/cl\/sobre-nosotros\/"]}]},{"@type":"ImageObject","inLanguage":"es-CL","@id":"https:\/\/aplicacionesdeapuestas.com\/cl\/sobre-nosotros\/#primaryimage","url":"https:\/\/aplicacionesdeapuestas.com\/cl\/wp-content\/uploads\/sites\/6\/2023\/06\/APp4-Sobre-Nosotros-cl.jpg","contentUrl":"https:\/\/aplicacionesdeapuestas.com\/cl\/wp-content\/uploads\/sites\/6\/2023\/06\/APp4-Sobre-Nosotros-cl.jpg","width":1024,"height":458},{"@type":"BreadcrumbList","@id":"https:\/\/aplicacionesdeapuestas.com\/cl\/sobre-nosotros\/#breadcrumb","itemListElement":[{"@type":"ListItem","position":1,"name":"Mejores Apps de Apuestas","item":"https:\/\/aplicacionesdeapuestas.com\/cl\/"},{"@type":"ListItem","position":2,"name":"Sobre Nosotros &#8212; Chile"}]},{"@type":"WebSite","@id":"https:\/\/aplicacionesdeapuestas.com\/cl\/#website","url":"https:\/\/aplicacionesdeapuestas.com\/cl\/","name":"aplicacionesdeapuestas.com\/cl\/","description":"","publisher":{"@id":"https:\/\/aplicacionesdeapuestas.com\/cl\/#organization"},"potentialAction":[{"@type":"SearchAction","target":{"@type":"EntryPoint","urlTemplate":"https:\/\/aplicacionesdeapuestas.com\/cl\/?s={search_term_string}"},"query-input":{"@type":"PropertyValueSpecification","valueRequired":true,"valueName":"search_term_string"}}],"inLanguage":"es-CL"},{"@type":"Organization","@id":"https:\/\/aplicacionesdeapuestas.com\/cl\/#organization","name":"aplicacionesdeapuestas.com\/cl\/","url":"https:\/\/aplicacionesdeapuestas.com\/cl\/","logo":{"@type":"ImageObject","inLanguage":"es-CL","@id":"https:\/\/aplicacionesdeapuestas.com\/cl\/#\/schema\/logo\/image\/","url":"https:\/\/aplicacionesdeapuestas.com\/cl\/wp-content\/uploads\/sites\/6\/2023\/03\/countryChili.png","contentUrl":"https:\/\/aplicacionesdeapuestas.com\/cl\/wp-content\/uploads\/sites\/6\/2023\/03\/countryChili.png","width":184,"height":72,"caption":"aplicacionesdeapuestas.com\/cl\/"},"image":{"@id":"https:\/\/aplicacionesdeapuestas.com\/cl\/#\/schema\/logo\/image\/"}}]}},"_links":{"self":[{"href":"https:\/\/aplicacionesdeapuestas.com\/cl\/wp-json\/wp\/v2\/pages\/716"}],"collection":[{"href":"https:\/\/aplicacionesdeapuestas.com\/cl\/wp-json\/wp\/v2\/pages"}],"about":[{"href":"https:\/\/aplicacionesdeapuestas.com\/cl\/wp-json\/wp\/v2\/types\/page"}],"author":[{"embeddable":true,"href":"https:\/\/aplicacionesdeapuestas.com\/cl\/wp-json\/wp\/v2\/users\/1"}],"replies":[{"embeddable":true,"href":"https:\/\/aplicacionesdeapuestas.com\/cl\/wp-json\/wp\/v2\/comments?post=716"}],"version-history":[{"count":5,"href":"https:\/\/aplicacionesdeapuestas.com\/cl\/wp-json\/wp\/v2\/pages\/716\/revisions"}],"predecessor-version":[{"id":907,"href":"https:\/\/aplicacionesdeapuestas.com\/cl\/wp-json\/wp\/v2\/pages\/716\/revisions\/907"}],"wp:featuredmedia":[{"embeddable":true,"href":"https:\/\/aplicacionesdeapuestas.com\/cl\/wp-json\/wp\/v2\/media\/904"}],"wp:attachment":[{"href":"https:\/\/aplicacionesdeapuestas.com\/cl\/wp-json\/wp\/v2\/media?parent=716"}],"wp:term":[{"taxonomy":"page_categories","embeddable":true,"href":"https:\/\/aplicacionesdeapuestas.com\/cl\/wp-json\/wp\/v2\/page_categories?post=716"}],"curies":[{"name":"wp","href":"https:\/\/api.w.org\/{rel}","templated":true}]}}