{"id":271,"date":"2022-07-12T15:30:18","date_gmt":"2022-07-12T12:30:18","guid":{"rendered":"https:\/\/wiki.apps4citizens.org\/?page_id=271"},"modified":"2024-06-21T13:08:22","modified_gmt":"2024-06-21T10:08:22","slug":"sobre-nosotros","status":"publish","type":"page","link":"https:\/\/aplicacionesdeapuestas.com\/co\/sobre-nosotros\/","title":{"rendered":"Sobre Nosotros &#8211; Colombia"},"content":{"rendered":"<div itemscope=\"\" itemtype=\"https:\/\/schema.org\/ImageObject\" class=\"get-image schema-image-object-content wp-block-image size-full\"><img width=\"1024\" height=\"458\" src=\"https:\/\/aplicacionesdeapuestas.com\/co\/wp-content\/uploads\/sites\/3\/2023\/06\/APp4-Sobre-Nosotros-co.jpg\" alt=\"\" class=\"wp-image-2079\" loading=\"lazy\" decoding=\"async\" srcset=\"https:\/\/aplicacionesdeapuestas.com\/co\/wp-content\/uploads\/sites\/3\/2023\/06\/APp4-Sobre-Nosotros-co.jpg 1024w, https:\/\/aplicacionesdeapuestas.com\/co\/wp-content\/uploads\/sites\/3\/2023\/06\/APp4-Sobre-Nosotros-co-180x81.jpg 180w, https:\/\/aplicacionesdeapuestas.com\/co\/wp-content\/uploads\/sites\/3\/2023\/06\/APp4-Sobre-Nosotros-co-100x45.jpg 100w, https:\/\/aplicacionesdeapuestas.com\/co\/wp-content\/uploads\/sites\/3\/2023\/06\/APp4-Sobre-Nosotros-co-768x344.jpg 768w, https:\/\/aplicacionesdeapuestas.com\/co\/wp-content\/uploads\/sites\/3\/2023\/06\/APp4-Sobre-Nosotros-co-600x268.jpg 600w\" sizes=\"(max-width: 1024px) 100vw, 1024px\" \/><meta itemprop=\"contentUrl\" content=\"https:\/\/aplicacionesdeapuestas.com\/co\/wp-content\/uploads\/sites\/3\/2023\/06\/APp4-Sobre-Nosotros-co.jpg\"><\/div>    <section class=\"wp-block-hc-alternate-group-section\"> <h2 class=\"wp-block-heading\">Introducci\u00f3n<\/h2>    <p><b>Aplicaciones de apuestas<\/b> es un portal <em>web<\/em> creado exclusivamente para apostadores a los que les gusta estar informado de las <b>mejores plataformas y sus aplicaciones para apostar<\/b>. Nosotros compartimos la experiencia que necesitas en las apuestas. De esta manera, puedes usar a tu favor toda la informaci\u00f3n necesaria para obtener mayores beneficios en tus pr\u00f3ximas jugadas.<\/p> <\/section>    <section class=\"wp-block-hc-alternate-group-section\"> <h2 class=\"wp-block-heading\">\u00bfQui\u00e9nes somos?<\/h2>    <p>Somos el <b>primer portal dedicado exclusivamente a las apuestas en Colombia<\/b>. Contamos con una oficina f\u00edsica ubicada en Bogot\u00e1, Colombia, y ofrecemos rese\u00f1as e informaci\u00f3n confiable sobre las casas de apuestas en nuestro continente.<\/p> <\/section>    <section class=\"wp-block-hc-alternate-group-section\"> <h2 class=\"wp-block-heading\">\u00bfQu\u00e9 hacemos?<\/h2>    <p>En <b><a href=\"https:\/\/aplicacionesdeapuestas.com\/co\/\" target=\"_blank\" rel=\"noreferrer noopener\">Aplicaciones de apuestas<\/a><\/b> te mantenemos actualizado con las novedades en las apuestas. Desde estrategias para apostar e informaci\u00f3n relevante para los deportes, hasta <b>rese\u00f1as de casas de apuestas en Colombia<\/b>. Adem\u00e1s, formalizamos una comunidad a la que le apasiona todo lo relacionado con las <b>predicciones o pron\u00f3sticos deportivos<\/b>.<\/p>    <p>Todo lo que leas en nuestro portal, est\u00e1 repleto de sinceridad. Gracias a ello, todos nuestros lectores pueden guiarse en <b>casas de apuestas confiables<\/b>, debido a que estamos completamente comprometidos en combatir los <em>scams<\/em> o fraudes que rodean este fascinante mundo. Conoce <a href=\"https:\/\/aplicacionesdeapuestas.com\/co\/como-calificamos\/\" target=\"_blank\" rel=\"noreferrer noopener\">aqu\u00ed<\/a> los&nbsp;<strong>criterios bajo los cuales revisamos una app a la hora de calificarla<\/strong><\/p> <\/section>    <section class=\"wp-block-hc-alternate-group-section\"> <h2 class=\"wp-block-heading\">Nuestros objetivos<\/h2>    <p>Nuestra meta es convertirnos en la principal <b>plataforma digital de apuestas colombiana<\/b>. Somos los primeros en el continente que responden a las personas que buscan informaci\u00f3n para apostar en todo tipo de deportes.<\/p>    <p>De la misma manera, buscamos mantener una comunidad activa y adaptable al panorama de las <b>apuestas en Colombia<\/b>. Queremos que t\u00fa, como jugador habitual, saques el mayor provecho posible en cualquiera de estos medios para apostar en l\u00ednea.<\/p>    <p>Por otro lado, tambi\u00e9n queremos <b>ayudar a solventar problemas<\/b> que pudieran surgir en diferentes plataformas para apostar en Colombia.<\/p> <\/section>    <section class=\"wp-block-hc-alternate-group-section\"> <h2 class=\"wp-block-heading\">Cont\u00e1ctanos<\/h2>    <p>Si quieres que resolvamos alguna duda o te demos un trato especializado para ayudarte con alg\u00fan problema, te invitamos a llenar nuestro formulario de contacto. Adem\u00e1s, puedes visitarnos en nuestras instalaciones o contactarnos por correo electr\u00f3nico:<\/p>    <p>Direcci\u00f3n: Cra. 7 #146-65, Bogot\u00e1, Colombia<\/p>    <p>Email: <a href=\"mailto:info@aplicacionesdeapuestas.com\">info@aplicacionesdeapuestas.com<\/a><\/p> <\/section>","protected":false},"excerpt":{"rendered":"","protected":false},"author":1,"featured_media":2079,"parent":0,"menu_order":0,"comment_status":"closed","ping_status":"closed","template":"","meta":{"_acf_changed":false,"footnotes":""},"page_categories":[],"acf":[],"yoast_head":"<!-- This site is optimized with the Yoast SEO plugin v24.5 - https:\/\/yoast.com\/wordpress\/plugins\/seo\/ -->\n<title>Sobre nosotros \u2013 Aplicacionesdeapuestas en Colombia<\/title>\n<meta name=\"description\" content=\"Conoce Aplicacionesdeapuestas: Una nueva web dedicada a las apuestas en Colombia. Aprende a elegir la mejor plataforma de apuestas\" \/>\n<meta name=\"robots\" content=\"index, follow, max-snippet:-1, max-image-preview:large, max-video-preview:-1\" \/>\n<link rel=\"canonical\" href=\"https:\/\/aplicacionesdeapuestas.com\/co\/sobre-nosotros\/\" \/>\n<meta property=\"og:locale\" content=\"es_ES\" \/>\n<meta property=\"og:type\" content=\"article\" \/>\n<meta property=\"og:title\" content=\"Sobre nosotros \u2013 Aplicacionesdeapuestas en Colombia\" \/>\n<meta property=\"og:description\" content=\"Conoce Aplicacionesdeapuestas: Una nueva web dedicada a las apuestas en Colombia. Aprende a elegir la mejor plataforma de apuestas\" \/>\n<meta property=\"og:url\" content=\"https:\/\/aplicacionesdeapuestas.com\/co\/sobre-nosotros\/\" \/>\n<meta property=\"og:site_name\" content=\"aplicacionesdeapuestas.com\/co\" \/>\n<meta property=\"article:modified_time\" content=\"2024-06-21T10:08:22+00:00\" \/>\n<meta property=\"og:image\" content=\"https:\/\/aplicacionesdeapuestas.com\/co\/wp-content\/uploads\/sites\/3\/2023\/06\/APp4-Sobre-Nosotros-co.jpg\" \/>\n\t<meta property=\"og:image:width\" content=\"1024\" \/>\n\t<meta property=\"og:image:height\" content=\"458\" \/>\n\t<meta property=\"og:image:type\" content=\"image\/jpeg\" \/>\n<meta name=\"twitter:card\" content=\"summary_large_image\" \/>\n<meta name=\"twitter:label1\" content=\"Tiempo de lectura\" \/>\n\t<meta name=\"twitter:data1\" content=\"2 minutos\" \/>\n<script type=\"application\/ld+json\" class=\"yoast-schema-graph\">{\"@context\":\"https:\/\/schema.org\",\"@graph\":[{\"@type\":\"WebPage\",\"@id\":\"https:\/\/aplicacionesdeapuestas.com\/co\/sobre-nosotros\/\",\"url\":\"https:\/\/aplicacionesdeapuestas.com\/co\/sobre-nosotros\/\",\"name\":\"Sobre nosotros \u2013 Aplicacionesdeapuestas en Colombia\",\"isPartOf\":{\"@id\":\"https:\/\/aplicacionesdeapuestas.com\/co\/#website\"},\"primaryImageOfPage\":{\"@id\":\"https:\/\/aplicacionesdeapuestas.com\/co\/sobre-nosotros\/#primaryimage\"},\"image\":{\"@id\":\"https:\/\/aplicacionesdeapuestas.com\/co\/sobre-nosotros\/#primaryimage\"},\"thumbnailUrl\":\"https:\/\/aplicacionesdeapuestas.com\/co\/wp-content\/uploads\/sites\/3\/2023\/06\/APp4-Sobre-Nosotros-co.jpg\",\"datePublished\":\"2022-07-12T12:30:18+00:00\",\"dateModified\":\"2024-06-21T10:08:22+00:00\",\"description\":\"Conoce Aplicacionesdeapuestas: Una nueva web dedicada a las apuestas en Colombia. Aprende a elegir la mejor plataforma de apuestas\",\"breadcrumb\":{\"@id\":\"https:\/\/aplicacionesdeapuestas.com\/co\/sobre-nosotros\/#breadcrumb\"},\"inLanguage\":\"es-CO\",\"potentialAction\":[{\"@type\":\"ReadAction\",\"target\":[\"https:\/\/aplicacionesdeapuestas.com\/co\/sobre-nosotros\/\"]}]},{\"@type\":\"ImageObject\",\"inLanguage\":\"es-CO\",\"@id\":\"https:\/\/aplicacionesdeapuestas.com\/co\/sobre-nosotros\/#primaryimage\",\"url\":\"https:\/\/aplicacionesdeapuestas.com\/co\/wp-content\/uploads\/sites\/3\/2023\/06\/APp4-Sobre-Nosotros-co.jpg\",\"contentUrl\":\"https:\/\/aplicacionesdeapuestas.com\/co\/wp-content\/uploads\/sites\/3\/2023\/06\/APp4-Sobre-Nosotros-co.jpg\",\"width\":1024,\"height\":458},{\"@type\":\"BreadcrumbList\",\"@id\":\"https:\/\/aplicacionesdeapuestas.com\/co\/sobre-nosotros\/#breadcrumb\",\"itemListElement\":[{\"@type\":\"ListItem\",\"position\":1,\"name\":\"Mejores Apps de Apuestas\",\"item\":\"https:\/\/aplicacionesdeapuestas.com\/co\/\"},{\"@type\":\"ListItem\",\"position\":2,\"name\":\"Sobre Nosotros &#8212; Colombia\"}]},{\"@type\":\"WebSite\",\"@id\":\"https:\/\/aplicacionesdeapuestas.com\/co\/#website\",\"url\":\"https:\/\/aplicacionesdeapuestas.com\/co\/\",\"name\":\"aplicacionesdeapuestas.com\/co\",\"description\":\"\",\"publisher\":{\"@id\":\"https:\/\/aplicacionesdeapuestas.com\/co\/#organization\"},\"potentialAction\":[{\"@type\":\"SearchAction\",\"target\":{\"@type\":\"EntryPoint\",\"urlTemplate\":\"https:\/\/aplicacionesdeapuestas.com\/co\/?s={search_term_string}\"},\"query-input\":{\"@type\":\"PropertyValueSpecification\",\"valueRequired\":true,\"valueName\":\"search_term_string\"}}],\"inLanguage\":\"es-CO\"},{\"@type\":\"Organization\",\"@id\":\"https:\/\/aplicacionesdeapuestas.com\/co\/#organization\",\"name\":\"aplicacionesdeapuestas.com\/co\",\"url\":\"https:\/\/aplicacionesdeapuestas.com\/co\/\",\"logo\":{\"@type\":\"ImageObject\",\"inLanguage\":\"es-CO\",\"@id\":\"https:\/\/aplicacionesdeapuestas.com\/co\/#\/schema\/logo\/image\/\",\"url\":\"https:\/\/aplicacionesdeapuestas.com\/co\/wp-content\/uploads\/sites\/3\/2023\/02\/country_columbia.png\",\"contentUrl\":\"https:\/\/aplicacionesdeapuestas.com\/co\/wp-content\/uploads\/sites\/3\/2023\/02\/country_columbia.png\",\"width\":184,\"height\":72,\"caption\":\"aplicacionesdeapuestas.com\/co\"},\"image\":{\"@id\":\"https:\/\/aplicacionesdeapuestas.com\/co\/#\/schema\/logo\/image\/\"}}]}<\/script>\n<!-- \/ Yoast SEO plugin. -->","yoast_head_json":{"title":"Sobre nosotros \u2013 Aplicacionesdeapuestas en Colombia","description":"Conoce Aplicacionesdeapuestas: Una nueva web dedicada a las apuestas en Colombia. Aprende a elegir la mejor plataforma de apuestas","robots":{"index":"index","follow":"follow","max-snippet":"max-snippet:-1","max-image-preview":"max-image-preview:large","max-video-preview":"max-video-preview:-1"},"canonical":"https:\/\/aplicacionesdeapuestas.com\/co\/sobre-nosotros\/","og_locale":"es_ES","og_type":"article","og_title":"Sobre nosotros \u2013 Aplicacionesdeapuestas en Colombia","og_description":"Conoce Aplicacionesdeapuestas: Una nueva web dedicada a las apuestas en Colombia. Aprende a elegir la mejor plataforma de apuestas","og_url":"https:\/\/aplicacionesdeapuestas.com\/co\/sobre-nosotros\/","og_site_name":"aplicacionesdeapuestas.com\/co","article_modified_time":"2024-06-21T10:08:22+00:00","og_image":[{"width":1024,"height":458,"url":"https:\/\/aplicacionesdeapuestas.com\/co\/wp-content\/uploads\/sites\/3\/2023\/06\/APp4-Sobre-Nosotros-co.jpg","type":"image\/jpeg"}],"twitter_card":"summary_large_image","twitter_misc":{"Tiempo de lectura":"2 minutos"},"schema":{"@context":"https:\/\/schema.org","@graph":[{"@type":"WebPage","@id":"https:\/\/aplicacionesdeapuestas.com\/co\/sobre-nosotros\/","url":"https:\/\/aplicacionesdeapuestas.com\/co\/sobre-nosotros\/","name":"Sobre nosotros \u2013 Aplicacionesdeapuestas en Colombia","isPartOf":{"@id":"https:\/\/aplicacionesdeapuestas.com\/co\/#website"},"primaryImageOfPage":{"@id":"https:\/\/aplicacionesdeapuestas.com\/co\/sobre-nosotros\/#primaryimage"},"image":{"@id":"https:\/\/aplicacionesdeapuestas.com\/co\/sobre-nosotros\/#primaryimage"},"thumbnailUrl":"https:\/\/aplicacionesdeapuestas.com\/co\/wp-content\/uploads\/sites\/3\/2023\/06\/APp4-Sobre-Nosotros-co.jpg","datePublished":"2022-07-12T12:30:18+00:00","dateModified":"2024-06-21T10:08:22+00:00","description":"Conoce Aplicacionesdeapuestas: Una nueva web dedicada a las apuestas en Colombia. Aprende a elegir la mejor plataforma de apuestas","breadcrumb":{"@id":"https:\/\/aplicacionesdeapuestas.com\/co\/sobre-nosotros\/#breadcrumb"},"inLanguage":"es-CO","potentialAction":[{"@type":"ReadAction","target":["https:\/\/aplicacionesdeapuestas.com\/co\/sobre-nosotros\/"]}]},{"@type":"ImageObject","inLanguage":"es-CO","@id":"https:\/\/aplicacionesdeapuestas.com\/co\/sobre-nosotros\/#primaryimage","url":"https:\/\/aplicacionesdeapuestas.com\/co\/wp-content\/uploads\/sites\/3\/2023\/06\/APp4-Sobre-Nosotros-co.jpg","contentUrl":"https:\/\/aplicacionesdeapuestas.com\/co\/wp-content\/uploads\/sites\/3\/2023\/06\/APp4-Sobre-Nosotros-co.jpg","width":1024,"height":458},{"@type":"BreadcrumbList","@id":"https:\/\/aplicacionesdeapuestas.com\/co\/sobre-nosotros\/#breadcrumb","itemListElement":[{"@type":"ListItem","position":1,"name":"Mejores Apps de Apuestas","item":"https:\/\/aplicacionesdeapuestas.com\/co\/"},{"@type":"ListItem","position":2,"name":"Sobre Nosotros &#8212; Colombia"}]},{"@type":"WebSite","@id":"https:\/\/aplicacionesdeapuestas.com\/co\/#website","url":"https:\/\/aplicacionesdeapuestas.com\/co\/","name":"aplicacionesdeapuestas.com\/co","description":"","publisher":{"@id":"https:\/\/aplicacionesdeapuestas.com\/co\/#organization"},"potentialAction":[{"@type":"SearchAction","target":{"@type":"EntryPoint","urlTemplate":"https:\/\/aplicacionesdeapuestas.com\/co\/?s={search_term_string}"},"query-input":{"@type":"PropertyValueSpecification","valueRequired":true,"valueName":"search_term_string"}}],"inLanguage":"es-CO"},{"@type":"Organization","@id":"https:\/\/aplicacionesdeapuestas.com\/co\/#organization","name":"aplicacionesdeapuestas.com\/co","url":"https:\/\/aplicacionesdeapuestas.com\/co\/","logo":{"@type":"ImageObject","inLanguage":"es-CO","@id":"https:\/\/aplicacionesdeapuestas.com\/co\/#\/schema\/logo\/image\/","url":"https:\/\/aplicacionesdeapuestas.com\/co\/wp-content\/uploads\/sites\/3\/2023\/02\/country_columbia.png","contentUrl":"https:\/\/aplicacionesdeapuestas.com\/co\/wp-content\/uploads\/sites\/3\/2023\/02\/country_columbia.png","width":184,"height":72,"caption":"aplicacionesdeapuestas.com\/co"},"image":{"@id":"https:\/\/aplicacionesdeapuestas.com\/co\/#\/schema\/logo\/image\/"}}]}},"_links":{"self":[{"href":"https:\/\/aplicacionesdeapuestas.com\/co\/wp-json\/wp\/v2\/pages\/271"}],"collection":[{"href":"https:\/\/aplicacionesdeapuestas.com\/co\/wp-json\/wp\/v2\/pages"}],"about":[{"href":"https:\/\/aplicacionesdeapuestas.com\/co\/wp-json\/wp\/v2\/types\/page"}],"author":[{"embeddable":true,"href":"https:\/\/aplicacionesdeapuestas.com\/co\/wp-json\/wp\/v2\/users\/1"}],"replies":[{"embeddable":true,"href":"https:\/\/aplicacionesdeapuestas.com\/co\/wp-json\/wp\/v2\/comments?post=271"}],"version-history":[{"count":7,"href":"https:\/\/aplicacionesdeapuestas.com\/co\/wp-json\/wp\/v2\/pages\/271\/revisions"}],"predecessor-version":[{"id":2082,"href":"https:\/\/aplicacionesdeapuestas.com\/co\/wp-json\/wp\/v2\/pages\/271\/revisions\/2082"}],"wp:featuredmedia":[{"embeddable":true,"href":"https:\/\/aplicacionesdeapuestas.com\/co\/wp-json\/wp\/v2\/media\/2079"}],"wp:attachment":[{"href":"https:\/\/aplicacionesdeapuestas.com\/co\/wp-json\/wp\/v2\/media?parent=271"}],"wp:term":[{"taxonomy":"page_categories","embeddable":true,"href":"https:\/\/aplicacionesdeapuestas.com\/co\/wp-json\/wp\/v2\/page_categories?post=271"}],"curies":[{"name":"wp","href":"https:\/\/api.w.org\/{rel}","templated":true}]}}