{"id":1954,"date":"2023-05-03T11:15:54","date_gmt":"2023-05-03T08:15:54","guid":{"rendered":"https:\/\/aplicacionesdeapuestas.com\/mx\/?page_id=1954"},"modified":"2024-06-17T13:36:33","modified_gmt":"2024-06-17T10:36:33","slug":"como-calificamos","status":"publish","type":"page","link":"https:\/\/aplicacionesdeapuestas.com\/mx\/como-calificamos\/","title":{"rendered":"Gu\u00eda detallada \u00bfC\u00f3mo calificamos las aplicaciones de apuestas deportivas?"},"content":{"rendered":"<section class=\"wp-block-hc-alternate-group-section\"> <p>Sabemos que lograr apps funcionales y optimizadas es una labor compleja, pero es a lo que todo portal debe apuntar. Conoce aqu\u00ed los <b>criterios bajo los cuales revisamos una app a la hora de calificarla<\/b>.&nbsp;<\/p> <\/section>    <section class=\"wp-block-hc-alternate-group-section\"> <h2 class=\"wp-block-heading\">Estatus legal<\/h2>    <p>El primer aspecto que verificamos al evaluar una aplicaci\u00f3n de apuestas es que <b>cumpla con la legislaci\u00f3n del pa\u00eds en el cual est\u00e9 operando<\/b>. Algunos territorios han logrado establecer sus propios entes reguladores. Otros contin\u00faan bajo la tutela de autoridades internacionales.<\/p>    <p>Dichos entes est\u00e1n encargados de auditar la gesti\u00f3n de los operadores y de expedir la licencia respectiva. El otorgamiento de estas licencias es lo que nos garantiza que las casas cumplen con <b>est\u00e1ndares de seguridad y de protecci\u00f3n a sus usuarios.<\/b> Veamos c\u00f3mo funciona este tema en algunos de los pa\u00edses con m\u00e1s jugadores registrados.<\/p>    <section class=\"wp-block-hc-alternate-group-section\"> <h3 class=\"wp-block-heading\">M\u00e9xico<\/h3>    <p><b>M\u00e9xico cuenta con organismo regulador y licencia propia<\/b>. Esto obliga a las plataformas a tramitarla para funcionar legalmente en el pa\u00eds. La responsable de emitir la licencia SEGOB es la Direcci\u00f3n General de Juegos y Sorteos de la Secretar\u00eda de Gobernaci\u00f3n.<\/p>    <p>Por ende, nosotros <b>consultamos los permisos autorizados<\/b> en el apartado de la <a href=\"http:\/\/www.juegosysorteos.gob.mx\/es\/Juegos_y_Sorteos\/home\" target=\"_blank\" rel=\"noreferrer noopener\">Direcci\u00f3n de la web de SEGOB<\/a>. As\u00ed nos aseguramos de la legitimidad de los operadores. Te sugerimos realizar este tipo de comprobaciones antes de abrir una cuenta de apuestas en cualquier sportsbook.<\/p> <\/section>    <section class=\"wp-block-hc-alternate-group-section\"> <h3 class=\"wp-block-heading\">Per\u00fa<\/h3>    <p>El territorio peruano est\u00e1 muy <b>cerca de alcanzar la regulaci\u00f3n de las apuestas online<\/b>. Con la promulgaci\u00f3n de la ley del 13 de agosto de 2022 se design\u00f3 a MINCETUR como ente encargado.<\/p>    <p>Hasta que el proceso de empalme termine, las plataformas de apuestas continuar\u00e1n operando con licencias de organismos internacionales. As\u00ed que, por el momento, seguimos constatando que las casas dispongan de cualquiera de ellas. Nuestro consejo es que confirmes siempre la licencia de cada marca, tanto en su p\u00e1gina como en rese\u00f1as.<\/p> <\/section>    <section class=\"wp-block-hc-alternate-group-section\"> <h3 class=\"wp-block-heading\">Colombia<\/h3>    <p><b>Coljuegos es la entidad que otorga la licencia<\/b> que acredita la legalidad de los operadores que ofrecen sus servicios en este pa\u00eds. En su p\u00e1gina encontrar\u00e1s un apartado destinado a enumerar aquellos <a href=\"https:\/\/www.coljuegos.gov.co\/publicaciones\/301721\" target=\"_blank\" rel=\"noreferrer noopener\">portales autorizados<\/a>: raz\u00f3n por la que siempre acudimos a su web para realizar nuestras verificaciones.<\/p>    <p>Normalmente, los pa\u00edses que cuentan con organismos reguladores y licencias propias, ofrecen este tipo de informaci\u00f3n. As\u00ed que no dejes de visitar sus sitios oficiales.<\/p> <\/section>    <section class=\"wp-block-hc-alternate-group-section\"> <h3 class=\"wp-block-heading\">Chile<\/h3>    <p>Chile est\u00e1<b> en camino de establecer normas que gestionen las apuestas en l\u00ednea<\/b>. Actualmente, hay una ley en curso que pretende su regulaci\u00f3n. Cuando un pa\u00eds no dispone de directrices de control, los operadores deben contar con licencias internacionales.<\/p>    <p>Usualmente, una casa con este tipo de licencia se encarga de hacernos saber que la tiene. As\u00ed que <b>ingresando a su p\u00e1gina, podemos verificar con cu\u00e1l opera<\/b>. Compru\u00e9balo por ti mismo, entrando a tu plataforma favorita.<\/p> <\/section>    <section class=\"wp-block-hc-alternate-group-section\"> <h3 class=\"wp-block-heading\">Espa\u00f1a<\/h3>    <p><b>La Direcci\u00f3n General de Ordenaci\u00f3n del Juego (DGOJ) es el organismo responsable<\/b> de expedir la licencia en Espa\u00f1a. Como en cualquier pa\u00eds con ente regulador, solo ser\u00e1n l\u00edcitas las actividades de plataformas que cuenten con su aval.<\/p>    <p>Para hacer nuestras comprobaciones, siempre <b>revisamos la lista de operadores autorizados<\/b> directamente de la web de DGOJ. <a href=\"https:\/\/www.ordenacionjuego.es\/es\/url-operadores\" target=\"_blank\" rel=\"noreferrer noopener\">Aqu\u00ed<\/a> te facilitamos el link para que hagas tus propias consultas.<\/p> <\/section> <\/section>    <section class=\"wp-block-hc-alternate-group-section\"> <h2 class=\"wp-block-heading\">Confiabilidad<\/h2>    <p>Corroborar que los portales est\u00e1n establecidos legalmente en tu pa\u00eds no termina con la validaci\u00f3n de la licencia. Si bien es el primer paso, tambi\u00e9n deber\u00e1s <b>confirmar si cuentan con app oficial<\/b> y si es segura. Es en este punto donde entramos nosotros en escena escribiendo rese\u00f1as del servicio de las aplicaciones para nuestros usuarios.<\/p>    <p>En estas rese\u00f1as podr\u00e1s consultar datos muy interesantes que te llevar\u00e1n a darte una idea muy precisa del <b>nivel de desarrollo de las apps de las casas<\/b>.<\/p> <\/section>    <section class=\"wp-block-hc-alternate-group-section\"> <h2 class=\"wp-block-heading\">Disponibilidad de plataformas<\/h2>    <p>Adem\u00e1s de crear aplicaciones funcionales y optimizadas, los operadores deben <b>generarlas para los diferentes sistemas operativos<\/b>. Por lo general, la misma plataforma se encarga de contarnos que disponen de app.<\/p>    <p>Para ello, ubican el logo de dichos sistemas en la p\u00e1gina de inicio. Los m\u00e1s comunes son IOS y Android. Para constatar si cuentan o no con esta herramienta, nosotros <b>entramos a la tienda de apps en nuestros tel\u00e9fonos y hacemos la b\u00fasqueda<\/b>.<\/p>    <p>De esta manera nos cercioramos, antes de informarte, si la aplicaci\u00f3n est\u00e1 disponible o no, al momento de escribir nuestra rese\u00f1a.<\/p> <\/section>    <section class=\"wp-block-hc-alternate-group-section\"> <h2 class=\"wp-block-heading\">Facilidad de descarga e instalaci\u00f3n<\/h2>    <p>Como te contamos, desarrollar estos aplicativos no es tarea f\u00e1cil. Algunas plataformas <b>prefieren optar por ofrecer los archivos de descarga directamente desde su web<\/b>. De esta manera, obvian el paso de depender de las tiendas de apps.<\/p>    <p>Para nosotros lo m\u00e1s importante es la practicidad, consideramos superiores las aplicaciones que puedan ser descargadas con un par de clics desde las tiendas de aplicaciones, App Store\/ Play Store.&nbsp;<\/p>    <p>En caso de que no est\u00e9n disponibles en las tiendas, nos damos a la tarea de verificar que los<b> links de descarga se ejecuten correctamente<\/b>. As\u00ed podemos contarte de primera mano qu\u00e9 tan f\u00e1cil, o no, es obtener la app de determinada marca.<\/p> <\/section>    <section class=\"wp-block-hc-alternate-group-section\"> <h2 class=\"wp-block-heading\">Velocidad y usabilidad<\/h2>    <p>Una vez que hemos terminado de instalarla, entramos a los diferentes apartados y evaluamos si es fluida o se cuelga. Asimismo, revisamos el men\u00fa y la manera en la que la informaci\u00f3n est\u00e1 dispuesta. Tambi\u00e9n corroboramos si la herramienta es <b>capaz de guiarnos y direccionarnos <\/b>hacia los contenidos que buscamos.<\/p>    <p>Particularmente, nos centramos en generar boletos de apuesta, ya que este suele ser un proceso de varios pasos. Llev\u00e1ndolo a cabo, te podremos asegurar que tan intuitiva es su navegaci\u00f3n.<\/p>    <p>Nos gustan las Apps que se consiguen r\u00e1pido, se descargan r\u00e1pido y nos permiten apostar m\u00e1s c\u00f3modamente que en la misma p\u00e1gina web.<\/p> <\/section>    <section class=\"wp-block-hc-alternate-group-section\"> <h2 class=\"wp-block-heading\">Cuotas<\/h2>    <p>De las cuotas que nos ofrece el sportsbook dependen las ganancias de los apostadores. Por lo que <b>hacer comparaciones entre la oferta de cada casa<\/b> se torna una tarea fundamental. Para efectuar esta comparaci\u00f3n escogemos un evento importante, donde se enfrenten dos equipos desiguales. Escogemos un mercado acorde como, por ejemplo, \u201cprimer equipo en anotar al descanso\u201d.<\/p>    <p><b>Llevamos a cabo este proceso en todas las apps <\/b>de las plataformas m\u00e1s reconocidas y analizamos el valor de la cuota del equipo favorito. Esto nos permitir\u00e1 determinar el operador que ofrece la cuota m\u00e1s competitiva.<\/p>    <p>Tambi\u00e9n investigamos qu\u00e9 <b>portales ofrecen cuotas mejoradas o supercuotas diarias<\/b>. Algunos, incluso, las han habilitado dentro de su programa de bonificaci\u00f3n. As\u00ed que nos parece crucial confirmarte d\u00f3nde las encuentras y si est\u00e1n disponibles para apuestas desde apps.<\/p> <\/section>    <section class=\"wp-block-hc-alternate-group-section\"> <h2 class=\"wp-block-heading\">Mercados<\/h2>    <p>Nuestra experiencia nos deja claro que un buen n\u00famero de mercados habilitados aumenta la posibilidad de que encontremos <b>mercados propicios<\/b>. Y por ende mejores ganancias.<\/p>    <p>En direcci\u00f3n opuesta a lo que solemos pensar, un mercado propicio no es el que ofrece un mayor n\u00famero de resoluciones posibles. Todo lo contrario, ya que a menor n\u00famero, menor es la comisi\u00f3n con la que se queda el operador. De esta manera, evaluamos si una<b> plataforma ofrece mercados rentables<\/b>.<\/p>    <p>A su vez, verificamos que <b>en la aplicaci\u00f3n el operador ofrezca los mismos mercados<\/b> que en la web. Preferimos las Apps con variedad de mercados rentables.<\/p> <\/section>    <section class=\"wp-block-hc-alternate-group-section\"> <h2 class=\"wp-block-heading\">Bonos<\/h2>    <p>Los bonos se dise\u00f1an en funci\u00f3n de los tipos de usuarios que llegan a un portal. As\u00ed que destacamos a esos sportsbooks que proponen variedad. Algunas <b>casas nos premian por descargar su aplicaci\u00f3n<\/b> y otras por hacer dep\u00f3sitos.<\/p>    <p>El n\u00famero de ofertas disponibles es uno de los puntos que se usan para establecer las bondades de un programa de bonificaciones. No obstante \u00bfDe qu\u00e9 nos sirven tantas promociones cuando sus requisitos no son accesibles? Para establecer dicha accesibilidad, <b>examinamos qu\u00e9 tan probable es obtener ganancias<\/b>.<\/p>    <p>Para nosotros, un buen bono es aquel que maneja un rollover bajo y condiciones de apuesta reales. Bajo esta \u00f3ptica, m\u00e1s all\u00e1 de dejarnos llevar por cualquier tipo de incentivo, <b>determinamos qu\u00e9 tan factible es obtenerlo<\/b>.<\/p> <\/section>    <section class=\"wp-block-hc-alternate-group-section\"> <h2 class=\"wp-block-heading\">Pagos<\/h2>    <p>Por lo regular, tenemos un m\u00e9todo de pago preferido. Sin embargo, habr\u00e1 situaciones que nos lleven a buscar otras opciones. As\u00ed que es indispensable que las <b>plataformas ofrezcan la mayor cantidad de alternativas posibles<\/b>.<\/p>    <p>Una buena calificaci\u00f3n depender\u00e1, en parte, de que estos m\u00e9todos se adecuen a la realidad de los usuarios. Para determinar esto, investigamos cu\u00e1les son los medios de pago locales de mayor aceptaci\u00f3n. Tambi\u00e9n revisamos a <b>cu\u00e1les podemos acceder desde la app<\/b>.<\/p> <\/section>    <section class=\"wp-block-hc-alternate-group-section\"> <h2 class=\"wp-block-heading\">Herramientas<\/h2>    <p>Las herramientas de una casa de apuestas son los <b>recursos que nos facilitan realizar pron\u00f3sticos m\u00e1s precisos<\/b>. Las estad\u00edsticas, los resultados en vivo y el streaming, nos mantienen actualizados durante los eventos. En los juegos importantes, los portales habilitan todas sus funciones. As\u00ed que escogemos el m\u00e1s relevante del d\u00eda para probarlas.<\/p>    <p><b>Dentro de la aplicaci\u00f3n, evaluamos su mec\u00e1nica<\/b>, fluidez y cantidad de informaci\u00f3n que proporcionan. Si la funci\u00f3n de cash out est\u00e1 disponible, tomamos en consideraci\u00f3n el mercado para el que la habilitan. De esta forma, podremos precisar si est\u00e1 bien dirigida y optimizada para accederla desde nuestro dispositivo.<\/p>    <p>En resumen, estas son las herramientas que siempre buscamos en una app de apuestas deportivas:&nbsp;<\/p>    <ul> <li><b>Estad\u00edsticas en la App, <\/b>antes y durante un evento.&nbsp;<\/li>    <li>Herramienta para elegir favoritos y<strong> ajustar la interfaz de la app.&nbsp;<\/strong><\/li>    <li>Transmisi\u00f3n de partidos en vivo.&nbsp;<\/li>    <li><b>Apartado de resultados en vivo<\/b>: una pesta\u00f1a dedicada a los eventos en curso.<\/li>    <li>Cash out directo desde la App.<\/li>    <li>Notificaciones Push: para sacarle todo el provecho a la casa de apuestas desde tu tel\u00e9fono.<\/li> <\/ul> <\/section>    <section class=\"wp-block-hc-alternate-group-section\"> <h2 class=\"wp-block-heading\">Disponibilidad de otros juegos<\/h2>    <p>Habitualmente, los bonos y promociones incluyen giros gratis. As\u00ed que vale la pena revisar el casino que propone la casa. Hoy en d\u00eda <b>la mayor\u00eda de las plataformas son h\u00edbridas<\/b>. Esto significa que funcionan como portal de apuestas y como casino.<\/p>    <p>Al evaluar sus juegos, consideramos variables como cantidad, proveedores, casino en vivo y tipos de juegos. Igualmente, confirmamos <b>si manejan los mismos t\u00edtulos en la app que en la web<\/b>. En ocasiones algunos solo se acceden desde la aplicaci\u00f3n. As\u00ed que si estos hacen parte del programa de bonos, es necesario descargarla.<\/p> <\/section>    <section class=\"wp-block-hc-alternate-group-section\"> <h2 class=\"wp-block-heading\">Soporte<\/h2>    <p>Las actividades que dependen de la red y que involucran pagos, requieren de acompa\u00f1amiento constante. En este sentido, entramos a validar qu\u00e9 tan <b>vers\u00e1til y operativo es el servicio de atenci\u00f3n al cliente desde la app<\/b>. Investigamos los canales disponibles y nos contactamos desde nuestro tel\u00e9fono.<\/p>    <p>Al realizar nuestras consultas, evaluamos la eficiencia de los agentes, tiempos de respuesta y si esta es acertada. Tambi\u00e9n preguntamos por los problemas t\u00e9cnicos que refieren los usuarios y el compromiso en dar soluciones.<\/p>    <p>Por consiguiente, en nuestras rese\u00f1as recolectamos datos fidedignos. Ejecutamos cada proceso desde la web y su app, y establecemos contacto directo con los portales. As\u00ed nos <b>aseguramos de entregarte informaci\u00f3n contrastada y verificada<\/b>.<\/p> <\/section>","protected":false},"excerpt":{"rendered":"","protected":false},"author":28,"featured_media":2051,"parent":0,"menu_order":0,"comment_status":"open","ping_status":"open","template":"","meta":{"_acf_changed":false,"footnotes":""},"page_categories":[],"acf":[],"yoast_head":"<!-- This site is optimized with the Yoast SEO plugin v24.5 - https:\/\/yoast.com\/wordpress\/plugins\/seo\/ -->\n<title>\u00bfC\u00f3mo calificamos las aplicaciones de apuestas deportivas? \u2013 Aplicacionesdeapuestas en M\u00e9xico<\/title>\n<meta name=\"description\" content=\"Conoce aqu\u00ed los criterios de selecci\u00f3n de las mejores apps de apuestas deportivas en Aplicacionesdeapuestas en M\u00e9xico\" \/>\n<meta name=\"robots\" content=\"index, follow, max-snippet:-1, max-image-preview:large, max-video-preview:-1\" \/>\n<link rel=\"canonical\" href=\"https:\/\/aplicacionesdeapuestas.com\/mx\/como-calificamos\/\" \/>\n<meta property=\"og:locale\" content=\"es_MX\" \/>\n<meta property=\"og:type\" content=\"article\" \/>\n<meta property=\"og:title\" content=\"\u00bfC\u00f3mo calificamos las aplicaciones de apuestas deportivas? \u2013 Aplicacionesdeapuestas en M\u00e9xico\" \/>\n<meta property=\"og:description\" content=\"Conoce aqu\u00ed los criterios de selecci\u00f3n de las mejores apps de apuestas deportivas en Aplicacionesdeapuestas en M\u00e9xico\" \/>\n<meta property=\"og:url\" content=\"https:\/\/aplicacionesdeapuestas.com\/mx\/como-calificamos\/\" \/>\n<meta property=\"og:site_name\" content=\"aplicacionesdeapuestas.com\/mx\/\" \/>\n<meta property=\"article:modified_time\" content=\"2024-06-17T10:36:33+00:00\" \/>\n<meta property=\"og:image\" content=\"https:\/\/aplicacionesdeapuestas.com\/mx\/wp-content\/uploads\/sites\/2\/2023\/05\/Como-calificamos-las-aplicaciones-de-apuestas-deportivas-mx.jpg\" \/>\n\t<meta property=\"og:image:width\" content=\"1900\" \/>\n\t<meta property=\"og:image:height\" content=\"850\" \/>\n\t<meta property=\"og:image:type\" content=\"image\/jpeg\" \/>\n<meta name=\"twitter:card\" content=\"summary_large_image\" \/>\n<meta name=\"twitter:label1\" content=\"Tiempo de lectura\" \/>\n\t<meta name=\"twitter:data1\" content=\"9 minutos\" \/>\n<script type=\"application\/ld+json\" class=\"yoast-schema-graph\">{\"@context\":\"https:\/\/schema.org\",\"@graph\":[{\"@type\":\"WebPage\",\"@id\":\"https:\/\/aplicacionesdeapuestas.com\/mx\/como-calificamos\/\",\"url\":\"https:\/\/aplicacionesdeapuestas.com\/mx\/como-calificamos\/\",\"name\":\"\u00bfC\u00f3mo calificamos las aplicaciones de apuestas deportivas? \u2013 Aplicacionesdeapuestas en M\u00e9xico\",\"isPartOf\":{\"@id\":\"https:\/\/aplicacionesdeapuestas.com\/mx\/#website\"},\"primaryImageOfPage\":{\"@id\":\"https:\/\/aplicacionesdeapuestas.com\/mx\/como-calificamos\/#primaryimage\"},\"image\":{\"@id\":\"https:\/\/aplicacionesdeapuestas.com\/mx\/como-calificamos\/#primaryimage\"},\"thumbnailUrl\":\"https:\/\/aplicacionesdeapuestas.com\/mx\/wp-content\/uploads\/sites\/2\/2023\/05\/Como-calificamos-las-aplicaciones-de-apuestas-deportivas-mx.jpg\",\"datePublished\":\"2023-05-03T08:15:54+00:00\",\"dateModified\":\"2024-06-17T10:36:33+00:00\",\"description\":\"Conoce aqu\u00ed los criterios de selecci\u00f3n de las mejores apps de apuestas deportivas en Aplicacionesdeapuestas en M\u00e9xico\",\"breadcrumb\":{\"@id\":\"https:\/\/aplicacionesdeapuestas.com\/mx\/como-calificamos\/#breadcrumb\"},\"inLanguage\":\"es\",\"potentialAction\":[{\"@type\":\"ReadAction\",\"target\":[\"https:\/\/aplicacionesdeapuestas.com\/mx\/como-calificamos\/\"]}]},{\"@type\":\"ImageObject\",\"inLanguage\":\"es\",\"@id\":\"https:\/\/aplicacionesdeapuestas.com\/mx\/como-calificamos\/#primaryimage\",\"url\":\"https:\/\/aplicacionesdeapuestas.com\/mx\/wp-content\/uploads\/sites\/2\/2023\/05\/Como-calificamos-las-aplicaciones-de-apuestas-deportivas-mx.jpg\",\"contentUrl\":\"https:\/\/aplicacionesdeapuestas.com\/mx\/wp-content\/uploads\/sites\/2\/2023\/05\/Como-calificamos-las-aplicaciones-de-apuestas-deportivas-mx.jpg\",\"width\":1900,\"height\":850},{\"@type\":\"BreadcrumbList\",\"@id\":\"https:\/\/aplicacionesdeapuestas.com\/mx\/como-calificamos\/#breadcrumb\",\"itemListElement\":[{\"@type\":\"ListItem\",\"position\":1,\"name\":\"Mejores Apps de Apuestas\",\"item\":\"https:\/\/aplicacionesdeapuestas.com\/mx\/\"},{\"@type\":\"ListItem\",\"position\":2,\"name\":\"Gu\u00eda detallada \u00bfC\u00f3mo calificamos las aplicaciones de apuestas deportivas?\"}]},{\"@type\":\"WebSite\",\"@id\":\"https:\/\/aplicacionesdeapuestas.com\/mx\/#website\",\"url\":\"https:\/\/aplicacionesdeapuestas.com\/mx\/\",\"name\":\"aplicacionesdeapuestas.com\/mx\/\",\"description\":\"\",\"publisher\":{\"@id\":\"https:\/\/aplicacionesdeapuestas.com\/mx\/#organization\"},\"potentialAction\":[{\"@type\":\"SearchAction\",\"target\":{\"@type\":\"EntryPoint\",\"urlTemplate\":\"https:\/\/aplicacionesdeapuestas.com\/mx\/?s={search_term_string}\"},\"query-input\":{\"@type\":\"PropertyValueSpecification\",\"valueRequired\":true,\"valueName\":\"search_term_string\"}}],\"inLanguage\":\"es\"},{\"@type\":\"Organization\",\"@id\":\"https:\/\/aplicacionesdeapuestas.com\/mx\/#organization\",\"name\":\"aplicacionesdeapuestas.com\/mx\/\",\"url\":\"https:\/\/aplicacionesdeapuestas.com\/mx\/\",\"logo\":{\"@type\":\"ImageObject\",\"inLanguage\":\"es\",\"@id\":\"https:\/\/aplicacionesdeapuestas.com\/mx\/#\/schema\/logo\/image\/\",\"url\":\"https:\/\/aplicacionesdeapuestas.com\/mx\/wp-content\/uploads\/sites\/2\/2023\/02\/country_mexico.png\",\"contentUrl\":\"https:\/\/aplicacionesdeapuestas.com\/mx\/wp-content\/uploads\/sites\/2\/2023\/02\/country_mexico.png\",\"width\":184,\"height\":72,\"caption\":\"aplicacionesdeapuestas.com\/mx\/\"},\"image\":{\"@id\":\"https:\/\/aplicacionesdeapuestas.com\/mx\/#\/schema\/logo\/image\/\"}}]}<\/script>\n<!-- \/ Yoast SEO plugin. -->","yoast_head_json":{"title":"\u00bfC\u00f3mo calificamos las aplicaciones de apuestas deportivas? \u2013 Aplicacionesdeapuestas en M\u00e9xico","description":"Conoce aqu\u00ed los criterios de selecci\u00f3n de las mejores apps de apuestas deportivas en Aplicacionesdeapuestas en M\u00e9xico","robots":{"index":"index","follow":"follow","max-snippet":"max-snippet:-1","max-image-preview":"max-image-preview:large","max-video-preview":"max-video-preview:-1"},"canonical":"https:\/\/aplicacionesdeapuestas.com\/mx\/como-calificamos\/","og_locale":"es_MX","og_type":"article","og_title":"\u00bfC\u00f3mo calificamos las aplicaciones de apuestas deportivas? \u2013 Aplicacionesdeapuestas en M\u00e9xico","og_description":"Conoce aqu\u00ed los criterios de selecci\u00f3n de las mejores apps de apuestas deportivas en Aplicacionesdeapuestas en M\u00e9xico","og_url":"https:\/\/aplicacionesdeapuestas.com\/mx\/como-calificamos\/","og_site_name":"aplicacionesdeapuestas.com\/mx\/","article_modified_time":"2024-06-17T10:36:33+00:00","og_image":[{"width":1900,"height":850,"url":"https:\/\/aplicacionesdeapuestas.com\/mx\/wp-content\/uploads\/sites\/2\/2023\/05\/Como-calificamos-las-aplicaciones-de-apuestas-deportivas-mx.jpg","type":"image\/jpeg"}],"twitter_card":"summary_large_image","twitter_misc":{"Tiempo de lectura":"9 minutos"},"schema":{"@context":"https:\/\/schema.org","@graph":[{"@type":"WebPage","@id":"https:\/\/aplicacionesdeapuestas.com\/mx\/como-calificamos\/","url":"https:\/\/aplicacionesdeapuestas.com\/mx\/como-calificamos\/","name":"\u00bfC\u00f3mo calificamos las aplicaciones de apuestas deportivas? \u2013 Aplicacionesdeapuestas en M\u00e9xico","isPartOf":{"@id":"https:\/\/aplicacionesdeapuestas.com\/mx\/#website"},"primaryImageOfPage":{"@id":"https:\/\/aplicacionesdeapuestas.com\/mx\/como-calificamos\/#primaryimage"},"image":{"@id":"https:\/\/aplicacionesdeapuestas.com\/mx\/como-calificamos\/#primaryimage"},"thumbnailUrl":"https:\/\/aplicacionesdeapuestas.com\/mx\/wp-content\/uploads\/sites\/2\/2023\/05\/Como-calificamos-las-aplicaciones-de-apuestas-deportivas-mx.jpg","datePublished":"2023-05-03T08:15:54+00:00","dateModified":"2024-06-17T10:36:33+00:00","description":"Conoce aqu\u00ed los criterios de selecci\u00f3n de las mejores apps de apuestas deportivas en Aplicacionesdeapuestas en M\u00e9xico","breadcrumb":{"@id":"https:\/\/aplicacionesdeapuestas.com\/mx\/como-calificamos\/#breadcrumb"},"inLanguage":"es","potentialAction":[{"@type":"ReadAction","target":["https:\/\/aplicacionesdeapuestas.com\/mx\/como-calificamos\/"]}]},{"@type":"ImageObject","inLanguage":"es","@id":"https:\/\/aplicacionesdeapuestas.com\/mx\/como-calificamos\/#primaryimage","url":"https:\/\/aplicacionesdeapuestas.com\/mx\/wp-content\/uploads\/sites\/2\/2023\/05\/Como-calificamos-las-aplicaciones-de-apuestas-deportivas-mx.jpg","contentUrl":"https:\/\/aplicacionesdeapuestas.com\/mx\/wp-content\/uploads\/sites\/2\/2023\/05\/Como-calificamos-las-aplicaciones-de-apuestas-deportivas-mx.jpg","width":1900,"height":850},{"@type":"BreadcrumbList","@id":"https:\/\/aplicacionesdeapuestas.com\/mx\/como-calificamos\/#breadcrumb","itemListElement":[{"@type":"ListItem","position":1,"name":"Mejores Apps de Apuestas","item":"https:\/\/aplicacionesdeapuestas.com\/mx\/"},{"@type":"ListItem","position":2,"name":"Gu\u00eda detallada \u00bfC\u00f3mo calificamos las aplicaciones de apuestas deportivas?"}]},{"@type":"WebSite","@id":"https:\/\/aplicacionesdeapuestas.com\/mx\/#website","url":"https:\/\/aplicacionesdeapuestas.com\/mx\/","name":"aplicacionesdeapuestas.com\/mx\/","description":"","publisher":{"@id":"https:\/\/aplicacionesdeapuestas.com\/mx\/#organization"},"potentialAction":[{"@type":"SearchAction","target":{"@type":"EntryPoint","urlTemplate":"https:\/\/aplicacionesdeapuestas.com\/mx\/?s={search_term_string}"},"query-input":{"@type":"PropertyValueSpecification","valueRequired":true,"valueName":"search_term_string"}}],"inLanguage":"es"},{"@type":"Organization","@id":"https:\/\/aplicacionesdeapuestas.com\/mx\/#organization","name":"aplicacionesdeapuestas.com\/mx\/","url":"https:\/\/aplicacionesdeapuestas.com\/mx\/","logo":{"@type":"ImageObject","inLanguage":"es","@id":"https:\/\/aplicacionesdeapuestas.com\/mx\/#\/schema\/logo\/image\/","url":"https:\/\/aplicacionesdeapuestas.com\/mx\/wp-content\/uploads\/sites\/2\/2023\/02\/country_mexico.png","contentUrl":"https:\/\/aplicacionesdeapuestas.com\/mx\/wp-content\/uploads\/sites\/2\/2023\/02\/country_mexico.png","width":184,"height":72,"caption":"aplicacionesdeapuestas.com\/mx\/"},"image":{"@id":"https:\/\/aplicacionesdeapuestas.com\/mx\/#\/schema\/logo\/image\/"}}]}},"_links":{"self":[{"href":"https:\/\/aplicacionesdeapuestas.com\/mx\/wp-json\/wp\/v2\/pages\/1954"}],"collection":[{"href":"https:\/\/aplicacionesdeapuestas.com\/mx\/wp-json\/wp\/v2\/pages"}],"about":[{"href":"https:\/\/aplicacionesdeapuestas.com\/mx\/wp-json\/wp\/v2\/types\/page"}],"author":[{"embeddable":true,"href":"https:\/\/aplicacionesdeapuestas.com\/mx\/wp-json\/wp\/v2\/users\/28"}],"replies":[{"embeddable":true,"href":"https:\/\/aplicacionesdeapuestas.com\/mx\/wp-json\/wp\/v2\/comments?post=1954"}],"version-history":[{"count":1,"href":"https:\/\/aplicacionesdeapuestas.com\/mx\/wp-json\/wp\/v2\/pages\/1954\/revisions"}],"predecessor-version":[{"id":1955,"href":"https:\/\/aplicacionesdeapuestas.com\/mx\/wp-json\/wp\/v2\/pages\/1954\/revisions\/1955"}],"wp:featuredmedia":[{"embeddable":true,"href":"https:\/\/aplicacionesdeapuestas.com\/mx\/wp-json\/wp\/v2\/media\/2051"}],"wp:attachment":[{"href":"https:\/\/aplicacionesdeapuestas.com\/mx\/wp-json\/wp\/v2\/media?parent=1954"}],"wp:term":[{"taxonomy":"page_categories","embeddable":true,"href":"https:\/\/aplicacionesdeapuestas.com\/mx\/wp-json\/wp\/v2\/page_categories?post=1954"}],"curies":[{"name":"wp","href":"https:\/\/api.w.org\/{rel}","templated":true}]}}