{"id":1778,"date":"2023-05-03T11:28:53","date_gmt":"2023-05-03T08:28:53","guid":{"rendered":"https:\/\/aplicacionesdeapuestas.com\/pe\/?page_id=1778"},"modified":"2024-06-21T13:58:34","modified_gmt":"2024-06-21T10:58:34","slug":"terminos-y-condiciones","status":"publish","type":"page","link":"https:\/\/aplicacionesdeapuestas.com\/pe\/terminos-y-condiciones\/","title":{"rendered":"T\u00e9rminos y condiciones de uso &#8211; Pe"},"content":{"rendered":"<section class=\"wp-block-hc-alternate-group-section\"> <h2 class=\"wp-block-heading\">Pol\u00edtica de afiliados<\/h2>    <p>Cuando una persona se registra en Aplicaciones de Apuestas, estar\u00e1 consintiendo los t\u00e9rminos y condiciones expresados en esta secci\u00f3n. Asimismo, Aplicaciones de Apuestas podr\u00e1 realizar todo tipo de modificaciones a los t\u00e9rminos, condiciones y pol\u00edticas de privacidad, sin notificaci\u00f3n previa. En dicho caso, la entrada en vigencia de las nuevas pol\u00edticas inicia con la actualizaci\u00f3n de las versiones correspondientes en la p\u00e1gina web oficial de Aplicaciones de Apuestas.<\/p>    <p>A continuaci\u00f3n se exponen todos los puntos prioritarios por el uso de Aplicaciones de Apuestas:<\/p>    <ul> <li>Aplicaciones de Apuestas conserva la propiedad intelectual de todo el contenido expuesto en la p\u00e1gina oficial.<\/li>    <li>Todos los usuarios registrados est\u00e1n de acuerdo con todos los puntos tratados como t\u00e9rminos y condiciones.<\/li>    <li>La divulgaci\u00f3n, reproducci\u00f3n o copia del contenido expuesto en este portal sin la autorizaci\u00f3n de un administrador, podr\u00e1 estar sujeto a represalias legales.<\/li>    <li>Aplicaciones de Apuestas no es una casa de apuestas y la informaci\u00f3n compartida a trav\u00e9s de los medios oficiales no son consejos o asesoramiento financieros.<\/li>    <li>Cada persona es responsable de la informaci\u00f3n proporcionada en nuestro portal o en cualquier casa de apuestas recomendada. No existe grado de responsabilidad alguna por mentir a la hora de registrarse en cualquiera de las mencionadas anteriormente.<\/li>    <li>El contenido analizado en Aplicaciones de Apuestas est\u00e1 dirigido para personas mayores de 18 a\u00f1os.<\/li>    <li>Al registrarse, el usuario estar\u00e1 consintiendo el env\u00edo de boletines o correos electr\u00f3nicos relacionados con las apuestas, casas de apuestas, promociones o cualquier otro tipo de informaci\u00f3n que Aplicaciones de Apuestas considere publicitario.<\/li>    <li>Cualquier dato suministrado por y para Aplicaciones de Apuestas, est\u00e1 sujeto a nuestro acuerdo de confidencialidad.<\/li>    <li>Registrarse en Aplicaciones de Apuestas es completamente gratis.<\/li> <\/ul>    <p>Como parte de los t\u00e9rminos y condiciones de registro, tambi\u00e9n se valorar\u00e1 la actitud y el uso de informaci\u00f3n por parte de los usuarios que visiten Aplicaciones de Apuestas. Por esta misma raz\u00f3n, se proh\u00edbe:<\/p>    <ul> <li>Utilizar un vocabulario malsonante o una actitud ofensiva dentro de cualquier secci\u00f3n de la p\u00e1gina Aplicaciones de Apuestas. Se permiten todo tipo de opiniones contrarias, siempre que sean transmitidas de forma educada y haciendo uso del sentido com\u00fan de convivencia.<\/li>    <li>Introducir nombres de usuario o im\u00e1genes que representen un insulto o una conducta inapropiada.<\/li>    <li>Discutir con bases pol\u00edticas o religiosas. El contenido en Aplicaciones de Apuestas es informativo.<\/li>    <li>Realizar <em>spam<\/em> de cualquier tipo o realizar publicidad dentro de Aplicaciones de Apuestas que no sea relevante para la audiencia objetivo (jugadores, apostadores).<\/li>    <li>Tener m\u00e1s de una cuenta en uso. Esta condici\u00f3n tambi\u00e9n hace referencia a la participaci\u00f3n de eventos o promociones con el uso de m\u00faltiples cuentas.<\/li>    <li>Atacar a los administradores o miembros pertenecientes al equipo de Aplicaciones de Apuestas. Las cr\u00edticas constructivas son vitales, pero no se tolerar\u00e1 la falta de respeto o la insurgencia contra los administradores de la p\u00e1gina.<\/li> <\/ul> <\/section>    <section class=\"wp-block-hc-alternate-group-section\"> <h2 class=\"wp-block-heading\">Pol\u00edtica de cookies<\/h2>    <p>Como muchos otros sitios web, Aplicaciones de Apuestas utiliza <em>cookies<\/em> para personalizar la experiencia de cada visitante o usuario. Siguiendo los lineamientos internacionales, dichas <em>cookies<\/em> s\u00f3lo pueden ser aprobadas por los usuarios. En caso contrario, Aplicaciones de Apuestas no puede hacer uso de la informaci\u00f3n obtenida a trav\u00e9s de su uso.<\/p>    <p>Dicho todo esto, Aplicaciones de Apuestas puede utilizar los datos recopilados con fines de mejorar la experiencia de los usuarios. Esta informaci\u00f3n es tratada con suma delicadeza, por lo que es necesario ratificar que los <em>cookies<\/em> no son utilizados para recopilar datos de contacto de ning\u00fan tipo sin consentimiento y mucho menos el traspaso de la informaci\u00f3n de cada usuario a terceros.<\/p> <\/section>    <section class=\"wp-block-hc-alternate-group-section\"> <h2 class=\"wp-block-heading\">Divulgaci\u00f3n de riesgos<\/h2>    <p>Aplicaciones de Apuestas, al ser un portal digital dedicado a la divulgaci\u00f3n de informaci\u00f3n relevante para apostadores, es consciente de los diferentes riesgos que el <em>gambling<\/em>, el casino o las apuestas pueden suponer. De la misma manera, se espera que cada usuario con una cuenta registrada, posea un control propio de su dinero y de la forma de cumplir con su ocio.<\/p>    <p>Dicho todo esto, existe la probabilidad de que los usuarios de Aplicaciones de Apuestas puedan volverse adictos a las apuestas y a los juegos. Por este motivo, la secci\u00f3n de juego responsable hace mayor alusi\u00f3n a las limitaciones que debe tener cada usuario, ya que Aplicaciones de Apuestas no se responsabiliza por el mal uso de la informaci\u00f3n expuesta en nuestra p\u00e1gina.<\/p> <\/section>    <section class=\"wp-block-hc-alternate-group-section\"> <h2 class=\"wp-block-heading\">Juego responsable<\/h2>    <p>Cualquier dato, sugerencia, recomendaci\u00f3n, promoci\u00f3n o alegor\u00eda, est\u00e1 adjunto a un sentido de responsabilidad individual. Cada persona debe ser consciente de las decisiones que toma y de los lugares donde decide apostar o jugar.<\/p>    <p>Por ello, se recalca el objetivo de Aplicaciones de Apuestas: entretener, proporcionar una fuente de distracci\u00f3n y promover la seguridad en el <em>gambling<\/em> o en las apuestas. En caso de que considere que las apuestas le provocan alg\u00fan tipo de da\u00f1o, se recomienda acudir con un profesional.<\/p> <\/section>","protected":false},"excerpt":{"rendered":"","protected":false},"author":1,"featured_media":1848,"parent":0,"menu_order":0,"comment_status":"open","ping_status":"open","template":"","meta":{"_acf_changed":false,"footnotes":""},"page_categories":[],"acf":[],"yoast_head":"<!-- This site is optimized with the Yoast SEO plugin v24.5 - https:\/\/yoast.com\/wordpress\/plugins\/seo\/ -->\n<title>T\u00e9rminos y condiciones de uso \u2013 Aplicacionesdeapuestas en Per\u00fa<\/title>\n<meta name=\"description\" content=\"Inf\u00f3rmese aqu\u00ed de los t\u00e9rminos y condiciones del proyecto Aplicacionesdeapuestas en Per\u00fa\" \/>\n<meta name=\"robots\" content=\"index, follow, max-snippet:-1, max-image-preview:large, max-video-preview:-1\" \/>\n<link rel=\"canonical\" href=\"https:\/\/aplicacionesdeapuestas.com\/pe\/terminos-y-condiciones\/\" \/>\n<meta property=\"og:locale\" content=\"es_ES\" \/>\n<meta property=\"og:type\" content=\"article\" \/>\n<meta property=\"og:title\" content=\"T\u00e9rminos y condiciones de uso \u2013 Aplicacionesdeapuestas en Per\u00fa\" \/>\n<meta property=\"og:description\" content=\"Inf\u00f3rmese aqu\u00ed de los t\u00e9rminos y condiciones del proyecto Aplicacionesdeapuestas en Per\u00fa\" \/>\n<meta property=\"og:url\" content=\"https:\/\/aplicacionesdeapuestas.com\/pe\/terminos-y-condiciones\/\" \/>\n<meta property=\"og:site_name\" content=\"aplicacionesdeapuestas.com\/pe\" \/>\n<meta property=\"article:modified_time\" content=\"2024-06-21T10:58:34+00:00\" \/>\n<meta property=\"og:image\" content=\"https:\/\/aplicacionesdeapuestas.com\/pe\/wp-content\/uploads\/sites\/4\/2023\/05\/Terminos-y-condiciones-de-uso-PE.jpg\" \/>\n\t<meta property=\"og:image:width\" content=\"1900\" \/>\n\t<meta property=\"og:image:height\" content=\"850\" \/>\n\t<meta property=\"og:image:type\" content=\"image\/jpeg\" \/>\n<meta name=\"twitter:card\" content=\"summary_large_image\" \/>\n<meta name=\"twitter:label1\" content=\"Est. reading time\" \/>\n\t<meta name=\"twitter:data1\" content=\"4 minutos\" \/>\n<script type=\"application\/ld+json\" class=\"yoast-schema-graph\">{\"@context\":\"https:\/\/schema.org\",\"@graph\":[{\"@type\":\"WebPage\",\"@id\":\"https:\/\/aplicacionesdeapuestas.com\/pe\/terminos-y-condiciones\/\",\"url\":\"https:\/\/aplicacionesdeapuestas.com\/pe\/terminos-y-condiciones\/\",\"name\":\"T\u00e9rminos y condiciones de uso \u2013 Aplicacionesdeapuestas en Per\u00fa\",\"isPartOf\":{\"@id\":\"https:\/\/aplicacionesdeapuestas.com\/pe\/#website\"},\"primaryImageOfPage\":{\"@id\":\"https:\/\/aplicacionesdeapuestas.com\/pe\/terminos-y-condiciones\/#primaryimage\"},\"image\":{\"@id\":\"https:\/\/aplicacionesdeapuestas.com\/pe\/terminos-y-condiciones\/#primaryimage\"},\"thumbnailUrl\":\"https:\/\/aplicacionesdeapuestas.com\/pe\/wp-content\/uploads\/sites\/4\/2023\/05\/Terminos-y-condiciones-de-uso-PE.jpg\",\"datePublished\":\"2023-05-03T08:28:53+00:00\",\"dateModified\":\"2024-06-21T10:58:34+00:00\",\"description\":\"Inf\u00f3rmese aqu\u00ed de los t\u00e9rminos y condiciones del proyecto Aplicacionesdeapuestas en Per\u00fa\",\"breadcrumb\":{\"@id\":\"https:\/\/aplicacionesdeapuestas.com\/pe\/terminos-y-condiciones\/#breadcrumb\"},\"inLanguage\":\"es\",\"potentialAction\":[{\"@type\":\"ReadAction\",\"target\":[\"https:\/\/aplicacionesdeapuestas.com\/pe\/terminos-y-condiciones\/\"]}]},{\"@type\":\"ImageObject\",\"inLanguage\":\"es\",\"@id\":\"https:\/\/aplicacionesdeapuestas.com\/pe\/terminos-y-condiciones\/#primaryimage\",\"url\":\"https:\/\/aplicacionesdeapuestas.com\/pe\/wp-content\/uploads\/sites\/4\/2023\/05\/Terminos-y-condiciones-de-uso-PE.jpg\",\"contentUrl\":\"https:\/\/aplicacionesdeapuestas.com\/pe\/wp-content\/uploads\/sites\/4\/2023\/05\/Terminos-y-condiciones-de-uso-PE.jpg\",\"width\":1900,\"height\":850},{\"@type\":\"BreadcrumbList\",\"@id\":\"https:\/\/aplicacionesdeapuestas.com\/pe\/terminos-y-condiciones\/#breadcrumb\",\"itemListElement\":[{\"@type\":\"ListItem\",\"position\":1,\"name\":\"Mejores Apps de Apuestas\",\"item\":\"https:\/\/aplicacionesdeapuestas.com\/pe\/\"},{\"@type\":\"ListItem\",\"position\":2,\"name\":\"T\u00e9rminos y condiciones de uso &#8212; Pe\"}]},{\"@type\":\"WebSite\",\"@id\":\"https:\/\/aplicacionesdeapuestas.com\/pe\/#website\",\"url\":\"https:\/\/aplicacionesdeapuestas.com\/pe\/\",\"name\":\"aplicacionesdeapuestas.com\/pe\",\"description\":\"\",\"publisher\":{\"@id\":\"https:\/\/aplicacionesdeapuestas.com\/pe\/#organization\"},\"potentialAction\":[{\"@type\":\"SearchAction\",\"target\":{\"@type\":\"EntryPoint\",\"urlTemplate\":\"https:\/\/aplicacionesdeapuestas.com\/pe\/?s={search_term_string}\"},\"query-input\":{\"@type\":\"PropertyValueSpecification\",\"valueRequired\":true,\"valueName\":\"search_term_string\"}}],\"inLanguage\":\"es\"},{\"@type\":\"Organization\",\"@id\":\"https:\/\/aplicacionesdeapuestas.com\/pe\/#organization\",\"name\":\"aplicacionesdeapuestas.com\/pe\",\"url\":\"https:\/\/aplicacionesdeapuestas.com\/pe\/\",\"logo\":{\"@type\":\"ImageObject\",\"inLanguage\":\"es\",\"@id\":\"https:\/\/aplicacionesdeapuestas.com\/pe\/#\/schema\/logo\/image\/\",\"url\":\"https:\/\/aplicacionesdeapuestas.com\/pe\/wp-content\/uploads\/sites\/4\/2023\/02\/country_peru.png\",\"contentUrl\":\"https:\/\/aplicacionesdeapuestas.com\/pe\/wp-content\/uploads\/sites\/4\/2023\/02\/country_peru.png\",\"width\":184,\"height\":72,\"caption\":\"aplicacionesdeapuestas.com\/pe\"},\"image\":{\"@id\":\"https:\/\/aplicacionesdeapuestas.com\/pe\/#\/schema\/logo\/image\/\"}}]}<\/script>\n<!-- \/ Yoast SEO plugin. -->","yoast_head_json":{"title":"T\u00e9rminos y condiciones de uso \u2013 Aplicacionesdeapuestas en Per\u00fa","description":"Inf\u00f3rmese aqu\u00ed de los t\u00e9rminos y condiciones del proyecto Aplicacionesdeapuestas en Per\u00fa","robots":{"index":"index","follow":"follow","max-snippet":"max-snippet:-1","max-image-preview":"max-image-preview:large","max-video-preview":"max-video-preview:-1"},"canonical":"https:\/\/aplicacionesdeapuestas.com\/pe\/terminos-y-condiciones\/","og_locale":"es_ES","og_type":"article","og_title":"T\u00e9rminos y condiciones de uso \u2013 Aplicacionesdeapuestas en Per\u00fa","og_description":"Inf\u00f3rmese aqu\u00ed de los t\u00e9rminos y condiciones del proyecto Aplicacionesdeapuestas en Per\u00fa","og_url":"https:\/\/aplicacionesdeapuestas.com\/pe\/terminos-y-condiciones\/","og_site_name":"aplicacionesdeapuestas.com\/pe","article_modified_time":"2024-06-21T10:58:34+00:00","og_image":[{"width":1900,"height":850,"url":"https:\/\/aplicacionesdeapuestas.com\/pe\/wp-content\/uploads\/sites\/4\/2023\/05\/Terminos-y-condiciones-de-uso-PE.jpg","type":"image\/jpeg"}],"twitter_card":"summary_large_image","twitter_misc":{"Est. reading time":"4 minutos"},"schema":{"@context":"https:\/\/schema.org","@graph":[{"@type":"WebPage","@id":"https:\/\/aplicacionesdeapuestas.com\/pe\/terminos-y-condiciones\/","url":"https:\/\/aplicacionesdeapuestas.com\/pe\/terminos-y-condiciones\/","name":"T\u00e9rminos y condiciones de uso \u2013 Aplicacionesdeapuestas en Per\u00fa","isPartOf":{"@id":"https:\/\/aplicacionesdeapuestas.com\/pe\/#website"},"primaryImageOfPage":{"@id":"https:\/\/aplicacionesdeapuestas.com\/pe\/terminos-y-condiciones\/#primaryimage"},"image":{"@id":"https:\/\/aplicacionesdeapuestas.com\/pe\/terminos-y-condiciones\/#primaryimage"},"thumbnailUrl":"https:\/\/aplicacionesdeapuestas.com\/pe\/wp-content\/uploads\/sites\/4\/2023\/05\/Terminos-y-condiciones-de-uso-PE.jpg","datePublished":"2023-05-03T08:28:53+00:00","dateModified":"2024-06-21T10:58:34+00:00","description":"Inf\u00f3rmese aqu\u00ed de los t\u00e9rminos y condiciones del proyecto Aplicacionesdeapuestas en Per\u00fa","breadcrumb":{"@id":"https:\/\/aplicacionesdeapuestas.com\/pe\/terminos-y-condiciones\/#breadcrumb"},"inLanguage":"es","potentialAction":[{"@type":"ReadAction","target":["https:\/\/aplicacionesdeapuestas.com\/pe\/terminos-y-condiciones\/"]}]},{"@type":"ImageObject","inLanguage":"es","@id":"https:\/\/aplicacionesdeapuestas.com\/pe\/terminos-y-condiciones\/#primaryimage","url":"https:\/\/aplicacionesdeapuestas.com\/pe\/wp-content\/uploads\/sites\/4\/2023\/05\/Terminos-y-condiciones-de-uso-PE.jpg","contentUrl":"https:\/\/aplicacionesdeapuestas.com\/pe\/wp-content\/uploads\/sites\/4\/2023\/05\/Terminos-y-condiciones-de-uso-PE.jpg","width":1900,"height":850},{"@type":"BreadcrumbList","@id":"https:\/\/aplicacionesdeapuestas.com\/pe\/terminos-y-condiciones\/#breadcrumb","itemListElement":[{"@type":"ListItem","position":1,"name":"Mejores Apps de Apuestas","item":"https:\/\/aplicacionesdeapuestas.com\/pe\/"},{"@type":"ListItem","position":2,"name":"T\u00e9rminos y condiciones de uso &#8212; Pe"}]},{"@type":"WebSite","@id":"https:\/\/aplicacionesdeapuestas.com\/pe\/#website","url":"https:\/\/aplicacionesdeapuestas.com\/pe\/","name":"aplicacionesdeapuestas.com\/pe","description":"","publisher":{"@id":"https:\/\/aplicacionesdeapuestas.com\/pe\/#organization"},"potentialAction":[{"@type":"SearchAction","target":{"@type":"EntryPoint","urlTemplate":"https:\/\/aplicacionesdeapuestas.com\/pe\/?s={search_term_string}"},"query-input":{"@type":"PropertyValueSpecification","valueRequired":true,"valueName":"search_term_string"}}],"inLanguage":"es"},{"@type":"Organization","@id":"https:\/\/aplicacionesdeapuestas.com\/pe\/#organization","name":"aplicacionesdeapuestas.com\/pe","url":"https:\/\/aplicacionesdeapuestas.com\/pe\/","logo":{"@type":"ImageObject","inLanguage":"es","@id":"https:\/\/aplicacionesdeapuestas.com\/pe\/#\/schema\/logo\/image\/","url":"https:\/\/aplicacionesdeapuestas.com\/pe\/wp-content\/uploads\/sites\/4\/2023\/02\/country_peru.png","contentUrl":"https:\/\/aplicacionesdeapuestas.com\/pe\/wp-content\/uploads\/sites\/4\/2023\/02\/country_peru.png","width":184,"height":72,"caption":"aplicacionesdeapuestas.com\/pe"},"image":{"@id":"https:\/\/aplicacionesdeapuestas.com\/pe\/#\/schema\/logo\/image\/"}}]}},"_links":{"self":[{"href":"https:\/\/aplicacionesdeapuestas.com\/pe\/wp-json\/wp\/v2\/pages\/1778"}],"collection":[{"href":"https:\/\/aplicacionesdeapuestas.com\/pe\/wp-json\/wp\/v2\/pages"}],"about":[{"href":"https:\/\/aplicacionesdeapuestas.com\/pe\/wp-json\/wp\/v2\/types\/page"}],"author":[{"embeddable":true,"href":"https:\/\/aplicacionesdeapuestas.com\/pe\/wp-json\/wp\/v2\/users\/1"}],"replies":[{"embeddable":true,"href":"https:\/\/aplicacionesdeapuestas.com\/pe\/wp-json\/wp\/v2\/comments?post=1778"}],"version-history":[{"count":1,"href":"https:\/\/aplicacionesdeapuestas.com\/pe\/wp-json\/wp\/v2\/pages\/1778\/revisions"}],"predecessor-version":[{"id":1779,"href":"https:\/\/aplicacionesdeapuestas.com\/pe\/wp-json\/wp\/v2\/pages\/1778\/revisions\/1779"}],"wp:featuredmedia":[{"embeddable":true,"href":"https:\/\/aplicacionesdeapuestas.com\/pe\/wp-json\/wp\/v2\/media\/1848"}],"wp:attachment":[{"href":"https:\/\/aplicacionesdeapuestas.com\/pe\/wp-json\/wp\/v2\/media?parent=1778"}],"wp:term":[{"taxonomy":"page_categories","embeddable":true,"href":"https:\/\/aplicacionesdeapuestas.com\/pe\/wp-json\/wp\/v2\/page_categories?post=1778"}],"curies":[{"name":"wp","href":"https:\/\/api.w.org\/{rel}","templated":true}]}}